{"id":3,"date":"2021-01-07T15:11:19","date_gmt":"2021-01-07T15:11:19","guid":{"rendered":"https:\/\/www.kswigor.com\/?page_id=3"},"modified":"2022-08-22T13:22:24","modified_gmt":"2022-08-22T13:22:24","slug":"privacy-policy","status":"publish","type":"page","link":"https:\/\/www.kswigor.com\/","title":{"rendered":"Aktualno\u015bci"},"content":{"rendered":"\t\t<div data-elementor-type=\"wp-page\" data-elementor-id=\"3\" class=\"elementor elementor-3\">\n\t\t\t\t\t\t<section class=\"elementor-section elementor-top-section elementor-element elementor-element-2f50bc7 elementor-section-boxed elementor-section-height-default elementor-section-height-default\" data-id=\"2f50bc7\" data-element_type=\"section\" data-e-type=\"section\">\n\t\t\t\t\t\t<div class=\"elementor-container elementor-column-gap-default\">\n\t\t\t\t\t<div class=\"elementor-column elementor-col-100 elementor-top-column elementor-element elementor-element-f164f2b\" data-id=\"f164f2b\" data-element_type=\"column\" data-e-type=\"column\">\n\t\t\t<div class=\"elementor-widget-wrap elementor-element-populated\">\n\t\t\t\t\t\t<div class=\"elementor-element elementor-element-b63d372 elementor-widget elementor-widget-image\" data-id=\"b63d372\" data-element_type=\"widget\" data-e-type=\"widget\" data-widget_type=\"image.default\">\n\t\t\t\t<div class=\"elementor-widget-container\">\n\t\t\t\t\t\t\t\t\t\t\t\t\t\t\t\t<a href=\"https:\/\/www.facebook.com\/KlubSportowyWigor\">\n\t\t\t\t\t\t\t<img fetchpriority=\"high\" decoding=\"async\" width=\"724\" height=\"1024\" src=\"https:\/\/www.kswigor.com\/wp-content\/uploads\/2022\/08\/MAGICZNY-WEEKEND-25-27.11.22-724x1024.png\" class=\"attachment-large size-large wp-image-582\" alt=\"\" srcset=\"https:\/\/www.kswigor.com\/wp-content\/uploads\/2022\/08\/MAGICZNY-WEEKEND-25-27.11.22-724x1024.png 724w, https:\/\/www.kswigor.com\/wp-content\/uploads\/2022\/08\/MAGICZNY-WEEKEND-25-27.11.22-212x300.png 212w, https:\/\/www.kswigor.com\/wp-content\/uploads\/2022\/08\/MAGICZNY-WEEKEND-25-27.11.22-768x1086.png 768w, https:\/\/www.kswigor.com\/wp-content\/uploads\/2022\/08\/MAGICZNY-WEEKEND-25-27.11.22-1086x1536.png 1086w, https:\/\/www.kswigor.com\/wp-content\/uploads\/2022\/08\/MAGICZNY-WEEKEND-25-27.11.22-1448x2048.png 1448w, https:\/\/www.kswigor.com\/wp-content\/uploads\/2022\/08\/MAGICZNY-WEEKEND-25-27.11.22-1140x1613.png 1140w, https:\/\/www.kswigor.com\/wp-content\/uploads\/2022\/08\/MAGICZNY-WEEKEND-25-27.11.22.png 1587w\" sizes=\"(max-width: 724px) 100vw, 724px\" \/>\t\t\t\t\t\t\t\t<\/a>\n\t\t\t\t\t\t\t\t\t\t\t\t\t\t\t<\/div>\n\t\t\t\t<\/div>\n\t\t\t\t<div class=\"elementor-element elementor-element-b03b880 elementor-view-default elementor-widget elementor-widget-icon\" data-id=\"b03b880\" data-element_type=\"widget\" data-e-type=\"widget\" data-widget_type=\"icon.default\">\n\t\t\t\t<div class=\"elementor-widget-container\">\n\t\t\t\t\t\t\t<div class=\"elementor-icon-wrapper\">\n\t\t\t<a class=\"elementor-icon\" href=\"https:\/\/www.facebook.com\/Fitness-Weekend-111170521023545\">\n\t\t\t<i aria-hidden=\"true\" class=\"fab fa-facebook\"><\/i>\t\t\t<\/a>\n\t\t<\/div>\n\t\t\t\t\t\t<\/div>\n\t\t\t\t<\/div>\n\t\t\t\t\t<\/div>\n\t\t<\/div>\n\t\t\t\t\t<\/div>\n\t\t<\/section>\n\t\t\t\t<section class=\"elementor-section elementor-top-section elementor-element elementor-element-98a6bb7 elementor-section-boxed elementor-section-height-default elementor-section-height-default\" data-id=\"98a6bb7\" data-element_type=\"section\" data-e-type=\"section\">\n\t\t\t\t\t\t<div class=\"elementor-container elementor-column-gap-default\">\n\t\t\t\t\t<div class=\"elementor-column elementor-col-100 elementor-top-column elementor-element elementor-element-04c240d\" data-id=\"04c240d\" data-element_type=\"column\" data-e-type=\"column\">\n\t\t\t<div class=\"elementor-widget-wrap elementor-element-populated\">\n\t\t\t\t\t\t<div class=\"elementor-element elementor-element-dc7b680 elementor-widget elementor-widget-text-editor\" data-id=\"dc7b680\" data-element_type=\"widget\" data-e-type=\"widget\" data-widget_type=\"text-editor.default\">\n\t\t\t\t<div class=\"elementor-widget-container\">\n\t\t\t\t\t\t\t\t\t<p>Jesie\u0144 to czas kiedy nasze si\u0142y delikatnie si\u0119 wyczerpuj\u0105. Do lata daleko. Najlepszym wi\u0119c sposobem na przetrwanie s\u0142otnych, kr\u00f3tkich dni jest wypad w mega energetycznym towarzystwie. Ka\u017cda z Pa\u0144, kt\u00f3ra by\u0142a z nami cho\u0107 raz potwierdza, \u017ce spotkania nasze nios\u0105 ze sob\u0105 co\u015b magicznego. Dlatego przygotowali\u015bmy dla Was super ofert\u0119 first minut. Nie analizuj za wiele, nie planuj, po prostu jed\u017a z Nami a nic ju\u017c nie b\u0119dzie takie samo. Zapisy ruszy\u0142y. Do zobaczenia. Kontakt do wp\u0142aty biuro@kswigor.com<\/p>\t\t\t\t\t\t\t\t<\/div>\n\t\t\t\t<\/div>\n\t\t\t\t\t<\/div>\n\t\t<\/div>\n\t\t\t\t\t<\/div>\n\t\t<\/section>\n\t\t\t\t<section class=\"elementor-section elementor-top-section elementor-element elementor-element-2c4c4e5 elementor-section-boxed elementor-section-height-default elementor-section-height-default\" data-id=\"2c4c4e5\" data-element_type=\"section\" data-e-type=\"section\">\n\t\t\t\t\t\t<div class=\"elementor-container elementor-column-gap-default\">\n\t\t\t\t\t<div class=\"elementor-column elementor-col-100 elementor-top-column elementor-element elementor-element-6da4253\" data-id=\"6da4253\" data-element_type=\"column\" data-e-type=\"column\">\n\t\t\t<div class=\"elementor-widget-wrap elementor-element-populated\">\n\t\t\t\t\t\t<div class=\"elementor-element elementor-element-986706c elementor-widget elementor-widget-image\" data-id=\"986706c\" data-element_type=\"widget\" data-e-type=\"widget\" data-widget_type=\"image.default\">\n\t\t\t\t<div class=\"elementor-widget-container\">\n\t\t\t\t\t\t\t\t\t\t\t\t\t\t\t<img decoding=\"async\" width=\"724\" height=\"1024\" src=\"https:\/\/www.kswigor.com\/wp-content\/uploads\/2022\/08\/cennik-FW-25-27.11.2022-724x1024.jpg\" class=\"attachment-large size-large wp-image-583\" alt=\"\" srcset=\"https:\/\/www.kswigor.com\/wp-content\/uploads\/2022\/08\/cennik-FW-25-27.11.2022-724x1024.jpg 724w, https:\/\/www.kswigor.com\/wp-content\/uploads\/2022\/08\/cennik-FW-25-27.11.2022-212x300.jpg 212w, https:\/\/www.kswigor.com\/wp-content\/uploads\/2022\/08\/cennik-FW-25-27.11.2022-768x1086.jpg 768w, https:\/\/www.kswigor.com\/wp-content\/uploads\/2022\/08\/cennik-FW-25-27.11.2022-1086x1536.jpg 1086w, https:\/\/www.kswigor.com\/wp-content\/uploads\/2022\/08\/cennik-FW-25-27.11.2022-1140x1612.jpg 1140w, https:\/\/www.kswigor.com\/wp-content\/uploads\/2022\/08\/cennik-FW-25-27.11.2022.jpg 1448w\" sizes=\"(max-width: 724px) 100vw, 724px\" \/>\t\t\t\t\t\t\t\t\t\t\t\t\t\t\t<\/div>\n\t\t\t\t<\/div>\n\t\t\t\t\t<\/div>\n\t\t<\/div>\n\t\t\t\t\t<\/div>\n\t\t<\/section>\n\t\t\t\t<section class=\"elementor-section elementor-top-section elementor-element elementor-element-5c8956f elementor-section-boxed elementor-section-height-default elementor-section-height-default\" data-id=\"5c8956f\" data-element_type=\"section\" data-e-type=\"section\">\n\t\t\t\t\t\t<div class=\"elementor-container elementor-column-gap-default\">\n\t\t\t\t\t<div class=\"elementor-column elementor-col-100 elementor-top-column elementor-element elementor-element-44b9075\" data-id=\"44b9075\" data-element_type=\"column\" data-e-type=\"column\">\n\t\t\t<div class=\"elementor-widget-wrap elementor-element-populated\">\n\t\t\t\t\t\t<div class=\"elementor-element elementor-element-9520a31 elementor-widget elementor-widget-image\" data-id=\"9520a31\" data-element_type=\"widget\" data-e-type=\"widget\" data-widget_type=\"image.default\">\n\t\t\t\t<div class=\"elementor-widget-container\">\n\t\t\t\t\t\t\t\t\t\t\t\t\t\t\t<img decoding=\"async\" width=\"960\" height=\"540\" src=\"https:\/\/www.kswigor.com\/wp-content\/uploads\/2022\/08\/10.00-1-1024x576.jpg\" class=\"attachment-large size-large wp-image-588\" alt=\"\" srcset=\"https:\/\/www.kswigor.com\/wp-content\/uploads\/2022\/08\/10.00-1-1024x576.jpg 1024w, https:\/\/www.kswigor.com\/wp-content\/uploads\/2022\/08\/10.00-1-300x169.jpg 300w, https:\/\/www.kswigor.com\/wp-content\/uploads\/2022\/08\/10.00-1-768x432.jpg 768w, https:\/\/www.kswigor.com\/wp-content\/uploads\/2022\/08\/10.00-1-1536x864.jpg 1536w, https:\/\/www.kswigor.com\/wp-content\/uploads\/2022\/08\/10.00-1-1140x641.jpg 1140w, https:\/\/www.kswigor.com\/wp-content\/uploads\/2022\/08\/10.00-1.jpg 1920w\" sizes=\"(max-width: 960px) 100vw, 960px\" \/>\t\t\t\t\t\t\t\t\t\t\t\t\t\t\t<\/div>\n\t\t\t\t<\/div>\n\t\t\t\t\t<\/div>\n\t\t<\/div>\n\t\t\t\t\t<\/div>\n\t\t<\/section>\n\t\t\t\t<section class=\"elementor-section elementor-top-section elementor-element elementor-element-5e6b34a elementor-section-boxed elementor-section-height-default elementor-section-height-default\" data-id=\"5e6b34a\" data-element_type=\"section\" data-e-type=\"section\">\n\t\t\t\t\t\t<div class=\"elementor-container elementor-column-gap-default\">\n\t\t\t\t\t<div class=\"elementor-column elementor-col-100 elementor-top-column elementor-element elementor-element-6139c41\" data-id=\"6139c41\" data-element_type=\"column\" data-e-type=\"column\">\n\t\t\t<div class=\"elementor-widget-wrap elementor-element-populated\">\n\t\t\t\t\t\t<div class=\"elementor-element elementor-element-284e28a elementor-widget elementor-widget-text-editor\" data-id=\"284e28a\" data-element_type=\"widget\" data-e-type=\"widget\" data-widget_type=\"text-editor.default\">\n\t\t\t\t<div class=\"elementor-widget-container\">\n\t\t\t\t\t\t\t\t\t<p>Nowy sezon 2022\/23 czas zacz\u0105\u0107. Zaplanuj tydzie\u0144 z aktywno\u015bci\u0105 ! Od 29.08 do1.09 wszystkie zaj\u0119cia\u00a0 b\u0119d\u0105 darmowe. Spotkajmy si\u0119 na sali . Bardzo si\u0119 za Wami st\u0119skni\u0142am. Wszystkie zaj\u0119cia w Wa\u0142czu prowadz\u0119 w Fitness Klub PULS.\u00a0<span style=\"color: var( --e-global-color-text ); font-family: var( --e-global-typography-text-font-family ), Sans-serif; font-weight: var( --e-global-typography-text-font-weight ); letter-spacing: 0px;\">\u00a0<\/span><span style=\"color: var( --e-global-color-text ); font-family: var( --e-global-typography-text-font-family ), Sans-serif; font-weight: var( --e-global-typography-text-font-weight ); letter-spacing: 0px;\">Do zobaczenia\u00a0 Iza Ciechalska<\/span><\/p>\t\t\t\t\t\t\t\t<\/div>\n\t\t\t\t<\/div>\n\t\t\t\t\t<\/div>\n\t\t<\/div>\n\t\t\t\t\t<\/div>\n\t\t<\/section>\n\t\t\t\t<\/div>\n\t\t","protected":false},"excerpt":{"rendered":"<p>Jesie\u0144 to czas kiedy nasze si\u0142y delikatnie si\u0119 wyczerpuj\u0105. Do lata daleko. Najlepszym wi\u0119c sposobem na przetrwanie s\u0142otnych, kr\u00f3tkich dni jest wypad w mega energetycznym towarzystwie. Ka\u017cda z Pa\u0144, kt\u00f3ra by\u0142a z nami cho\u0107 raz potwierdza, \u017ce spotkania nasze nios\u0105 ze sob\u0105 co\u015b magicznego. Dlatego przygotowali\u015bmy dla Was super ofert\u0119 first minut. Nie analizuj za wiele, nie planuj, po prostu jed\u017a z Nami a nic ju\u017c nie b\u0119dzie takie samo. Zapisy ruszy\u0142y. Do zobaczenia. Kontakt do wp\u0142aty biuro@kswigor.com Nowy sezon 2022\/23 czas zacz\u0105\u0107. Zaplanuj tydzie\u0144 z aktywno\u015bci\u0105 ! Od 29.08 do1.09 wszystkie zaj\u0119cia\u00a0 b\u0119d\u0105 darmowe. Spotkajmy si\u0119 na sali . Bardzo si\u0119 za Wami st\u0119skni\u0142am. Wszystkie zaj\u0119cia w Wa\u0142czu prowadz\u0119 w Fitness Klub PULS.\u00a0\u00a0Do zobaczenia\u00a0 Iza Ciechalska<\/p>\n","protected":false},"author":1,"featured_media":0,"parent":0,"menu_order":0,"comment_status":"closed","ping_status":"open","template":"","meta":{"footnotes":""},"class_list":["post-3","page","type-page","status-publish","hentry"],"yoast_head":"<!-- This site is optimized with the Yoast SEO plugin v27.5 - https:\/\/yoast.com\/product\/yoast-seo-wordpress\/ -->\n<title>Aktualno\u015bci -<\/title>\n<meta name=\"robots\" content=\"index, follow, max-snippet:-1, max-image-preview:large, max-video-preview:-1\" \/>\n<link rel=\"canonical\" href=\"https:\/\/www.kswigor.com\/\" \/>\n<meta property=\"og:locale\" content=\"pl_PL\" \/>\n<meta property=\"og:type\" content=\"article\" \/>\n<meta property=\"og:title\" content=\"Aktualno\u015bci -\" \/>\n<meta property=\"og:description\" content=\"Jesie\u0144 to czas kiedy nasze si\u0142y delikatnie si\u0119 wyczerpuj\u0105. Do lata daleko. Najlepszym wi\u0119c sposobem na przetrwanie s\u0142otnych, kr\u00f3tkich dni jest wypad w mega energetycznym towarzystwie. Ka\u017cda z Pa\u0144, kt\u00f3ra by\u0142a z nami cho\u0107 raz potwierdza, \u017ce spotkania nasze nios\u0105 ze sob\u0105 co\u015b magicznego. Dlatego przygotowali\u015bmy dla Was super ofert\u0119 first minut. Nie analizuj za wiele, nie planuj, po prostu jed\u017a z Nami a nic ju\u017c nie b\u0119dzie takie samo. Zapisy ruszy\u0142y. Do zobaczenia. Kontakt do wp\u0142aty biuro@kswigor.com Nowy sezon 2022\/23 czas zacz\u0105\u0107. Zaplanuj tydzie\u0144 z aktywno\u015bci\u0105 ! Od 29.08 do1.09 wszystkie zaj\u0119cia\u00a0 b\u0119d\u0105 darmowe. Spotkajmy si\u0119 na sali . Bardzo si\u0119 za Wami st\u0119skni\u0142am. Wszystkie zaj\u0119cia w Wa\u0142czu prowadz\u0119 w Fitness Klub PULS.\u00a0\u00a0Do zobaczenia\u00a0 Iza Ciechalska\" \/>\n<meta property=\"og:url\" content=\"https:\/\/www.kswigor.com\/\" \/>\n<meta property=\"article:modified_time\" content=\"2022-08-22T13:22:24+00:00\" \/>\n<meta property=\"og:image\" content=\"https:\/\/www.kswigor.com\/wp-content\/uploads\/2022\/08\/MAGICZNY-WEEKEND-25-27.11.22-724x1024.png\" \/>\n<meta name=\"twitter:card\" content=\"summary_large_image\" \/>\n<meta name=\"twitter:label1\" content=\"Est. reading time\" \/>\n\t<meta name=\"twitter:data1\" content=\"2 minuty\" \/>\n<script type=\"application\/ld+json\" class=\"yoast-schema-graph\">{\"@context\":\"https:\\\/\\\/schema.org\",\"@graph\":[{\"@type\":\"WebPage\",\"@id\":\"https:\\\/\\\/www.kswigor.com\\\/\",\"url\":\"https:\\\/\\\/www.kswigor.com\\\/\",\"name\":\"Aktualno\u015bci -\",\"isPartOf\":{\"@id\":\"https:\\\/\\\/www.kswigor.com\\\/#website\"},\"primaryImageOfPage\":{\"@id\":\"https:\\\/\\\/www.kswigor.com\\\/#primaryimage\"},\"image\":{\"@id\":\"https:\\\/\\\/www.kswigor.com\\\/#primaryimage\"},\"thumbnailUrl\":\"https:\\\/\\\/www.kswigor.com\\\/wp-content\\\/uploads\\\/2022\\\/08\\\/MAGICZNY-WEEKEND-25-27.11.22-724x1024.png\",\"datePublished\":\"2021-01-07T15:11:19+00:00\",\"dateModified\":\"2022-08-22T13:22:24+00:00\",\"breadcrumb\":{\"@id\":\"https:\\\/\\\/www.kswigor.com\\\/#breadcrumb\"},\"inLanguage\":\"pl-PL\",\"potentialAction\":[{\"@type\":\"ReadAction\",\"target\":[\"https:\\\/\\\/www.kswigor.com\\\/\"]}]},{\"@type\":\"ImageObject\",\"inLanguage\":\"pl-PL\",\"@id\":\"https:\\\/\\\/www.kswigor.com\\\/#primaryimage\",\"url\":\"https:\\\/\\\/www.kswigor.com\\\/wp-content\\\/uploads\\\/2022\\\/08\\\/MAGICZNY-WEEKEND-25-27.11.22.png\",\"contentUrl\":\"https:\\\/\\\/www.kswigor.com\\\/wp-content\\\/uploads\\\/2022\\\/08\\\/MAGICZNY-WEEKEND-25-27.11.22.png\",\"width\":1587,\"height\":2245},{\"@type\":\"BreadcrumbList\",\"@id\":\"https:\\\/\\\/www.kswigor.com\\\/#breadcrumb\",\"itemListElement\":[{\"@type\":\"ListItem\",\"position\":1,\"name\":\"Strona g\u0142\u00f3wna\",\"item\":\"https:\\\/\\\/www.kswigor.com\\\/\"},{\"@type\":\"ListItem\",\"position\":2,\"name\":\"Aktualno\u015bci\"}]},{\"@type\":\"WebSite\",\"@id\":\"https:\\\/\\\/www.kswigor.com\\\/#website\",\"url\":\"https:\\\/\\\/www.kswigor.com\\\/\",\"name\":\"\",\"description\":\"\",\"potentialAction\":[{\"@type\":\"SearchAction\",\"target\":{\"@type\":\"EntryPoint\",\"urlTemplate\":\"https:\\\/\\\/www.kswigor.com\\\/?s={search_term_string}\"},\"query-input\":{\"@type\":\"PropertyValueSpecification\",\"valueRequired\":true,\"valueName\":\"search_term_string\"}}],\"inLanguage\":\"pl-PL\"}]}<\/script>\n<!-- \/ Yoast SEO plugin. -->","yoast_head_json":{"title":"Aktualno\u015bci -","robots":{"index":"index","follow":"follow","max-snippet":"max-snippet:-1","max-image-preview":"max-image-preview:large","max-video-preview":"max-video-preview:-1"},"canonical":"https:\/\/www.kswigor.com\/","og_locale":"pl_PL","og_type":"article","og_title":"Aktualno\u015bci -","og_description":"Jesie\u0144 to czas kiedy nasze si\u0142y delikatnie si\u0119 wyczerpuj\u0105. Do lata daleko. Najlepszym wi\u0119c sposobem na przetrwanie s\u0142otnych, kr\u00f3tkich dni jest wypad w mega energetycznym towarzystwie. Ka\u017cda z Pa\u0144, kt\u00f3ra by\u0142a z nami cho\u0107 raz potwierdza, \u017ce spotkania nasze nios\u0105 ze sob\u0105 co\u015b magicznego. Dlatego przygotowali\u015bmy dla Was super ofert\u0119 first minut. Nie analizuj za wiele, nie planuj, po prostu jed\u017a z Nami a nic ju\u017c nie b\u0119dzie takie samo. Zapisy ruszy\u0142y. Do zobaczenia. Kontakt do wp\u0142aty biuro@kswigor.com Nowy sezon 2022\/23 czas zacz\u0105\u0107. Zaplanuj tydzie\u0144 z aktywno\u015bci\u0105 ! Od 29.08 do1.09 wszystkie zaj\u0119cia\u00a0 b\u0119d\u0105 darmowe. Spotkajmy si\u0119 na sali . Bardzo si\u0119 za Wami st\u0119skni\u0142am. Wszystkie zaj\u0119cia w Wa\u0142czu prowadz\u0119 w Fitness Klub PULS.\u00a0\u00a0Do zobaczenia\u00a0 Iza Ciechalska","og_url":"https:\/\/www.kswigor.com\/","article_modified_time":"2022-08-22T13:22:24+00:00","og_image":[{"url":"https:\/\/www.kswigor.com\/wp-content\/uploads\/2022\/08\/MAGICZNY-WEEKEND-25-27.11.22-724x1024.png","type":"","width":"","height":""}],"twitter_card":"summary_large_image","twitter_misc":{"Est. reading time":"2 minuty"},"schema":{"@context":"https:\/\/schema.org","@graph":[{"@type":"WebPage","@id":"https:\/\/www.kswigor.com\/","url":"https:\/\/www.kswigor.com\/","name":"Aktualno\u015bci -","isPartOf":{"@id":"https:\/\/www.kswigor.com\/#website"},"primaryImageOfPage":{"@id":"https:\/\/www.kswigor.com\/#primaryimage"},"image":{"@id":"https:\/\/www.kswigor.com\/#primaryimage"},"thumbnailUrl":"https:\/\/www.kswigor.com\/wp-content\/uploads\/2022\/08\/MAGICZNY-WEEKEND-25-27.11.22-724x1024.png","datePublished":"2021-01-07T15:11:19+00:00","dateModified":"2022-08-22T13:22:24+00:00","breadcrumb":{"@id":"https:\/\/www.kswigor.com\/#breadcrumb"},"inLanguage":"pl-PL","potentialAction":[{"@type":"ReadAction","target":["https:\/\/www.kswigor.com\/"]}]},{"@type":"ImageObject","inLanguage":"pl-PL","@id":"https:\/\/www.kswigor.com\/#primaryimage","url":"https:\/\/www.kswigor.com\/wp-content\/uploads\/2022\/08\/MAGICZNY-WEEKEND-25-27.11.22.png","contentUrl":"https:\/\/www.kswigor.com\/wp-content\/uploads\/2022\/08\/MAGICZNY-WEEKEND-25-27.11.22.png","width":1587,"height":2245},{"@type":"BreadcrumbList","@id":"https:\/\/www.kswigor.com\/#breadcrumb","itemListElement":[{"@type":"ListItem","position":1,"name":"Strona g\u0142\u00f3wna","item":"https:\/\/www.kswigor.com\/"},{"@type":"ListItem","position":2,"name":"Aktualno\u015bci"}]},{"@type":"WebSite","@id":"https:\/\/www.kswigor.com\/#website","url":"https:\/\/www.kswigor.com\/","name":"","description":"","potentialAction":[{"@type":"SearchAction","target":{"@type":"EntryPoint","urlTemplate":"https:\/\/www.kswigor.com\/?s={search_term_string}"},"query-input":{"@type":"PropertyValueSpecification","valueRequired":true,"valueName":"search_term_string"}}],"inLanguage":"pl-PL"}]}},"_links":{"self":[{"href":"https:\/\/www.kswigor.com\/index.php\/wp-json\/wp\/v2\/pages\/3","targetHints":{"allow":["GET"]}}],"collection":[{"href":"https:\/\/www.kswigor.com\/index.php\/wp-json\/wp\/v2\/pages"}],"about":[{"href":"https:\/\/www.kswigor.com\/index.php\/wp-json\/wp\/v2\/types\/page"}],"author":[{"embeddable":true,"href":"https:\/\/www.kswigor.com\/index.php\/wp-json\/wp\/v2\/users\/1"}],"replies":[{"embeddable":true,"href":"https:\/\/www.kswigor.com\/index.php\/wp-json\/wp\/v2\/comments?post=3"}],"version-history":[{"count":69,"href":"https:\/\/www.kswigor.com\/index.php\/wp-json\/wp\/v2\/pages\/3\/revisions"}],"predecessor-version":[{"id":595,"href":"https:\/\/www.kswigor.com\/index.php\/wp-json\/wp\/v2\/pages\/3\/revisions\/595"}],"wp:attachment":[{"href":"https:\/\/www.kswigor.com\/index.php\/wp-json\/wp\/v2\/media?parent=3"}],"curies":[{"name":"wp","href":"https:\/\/api.w.org\/{rel}","templated":true}]}}