{"id":21,"date":"2021-01-07T15:57:30","date_gmt":"2021-01-07T15:57:30","guid":{"rendered":"https:\/\/www.kswigor.com\/?page_id=21"},"modified":"2021-09-07T09:40:14","modified_gmt":"2021-09-07T09:40:14","slug":"cennik","status":"publish","type":"page","link":"https:\/\/www.kswigor.com\/index.php\/cennik\/","title":{"rendered":"Cennik"},"content":{"rendered":"\t\t<div data-elementor-type=\"wp-page\" data-elementor-id=\"21\" class=\"elementor elementor-21\">\n\t\t\t\t\t\t<section class=\"elementor-section elementor-top-section elementor-element elementor-element-a3637a0 elementor-section-boxed elementor-section-height-default elementor-section-height-default\" data-id=\"a3637a0\" data-element_type=\"section\" data-e-type=\"section\">\n\t\t\t\t\t\t<div class=\"elementor-container elementor-column-gap-default\">\n\t\t\t\t\t<div class=\"elementor-column elementor-col-33 elementor-top-column elementor-element elementor-element-a465fce\" data-id=\"a465fce\" data-element_type=\"column\" data-e-type=\"column\">\n\t\t\t<div class=\"elementor-widget-wrap elementor-element-populated\">\n\t\t\t\t\t\t\t<\/div>\n\t\t<\/div>\n\t\t\t\t<div class=\"elementor-column elementor-col-33 elementor-top-column elementor-element elementor-element-99ddb73\" data-id=\"99ddb73\" data-element_type=\"column\" data-e-type=\"column\">\n\t\t\t<div class=\"elementor-widget-wrap elementor-element-populated\">\n\t\t\t\t\t\t<div class=\"elementor-element elementor-element-52e6c7f elementor-widget elementor-widget-text-editor\" data-id=\"52e6c7f\" data-element_type=\"widget\" data-e-type=\"widget\" data-widget_type=\"text-editor.default\">\n\t\t\t\t<div class=\"elementor-widget-container\">\n\t\t\t\t\t\t\t\t\t<p><a href=\"http:\/\/pulsfitness.pl\/cennik\">W tym sezonie dzi\u0119ki wsp\u00f3\u0142pracy z Fitness Club PULS obowi\u0105zuj\u0105 ceny jak na stronie http:\/\/pulsfitness.pl\/cennik<\/a><\/p><p>zapraszam Izabela Ciechalska<\/p>\t\t\t\t\t\t\t\t<\/div>\n\t\t\t\t<\/div>\n\t\t\t\t\t<\/div>\n\t\t<\/div>\n\t\t\t\t<div class=\"elementor-column elementor-col-33 elementor-top-column elementor-element elementor-element-ac0f5f2\" data-id=\"ac0f5f2\" data-element_type=\"column\" data-e-type=\"column\">\n\t\t\t<div class=\"elementor-widget-wrap elementor-element-populated\">\n\t\t\t\t\t\t\t<\/div>\n\t\t<\/div>\n\t\t\t\t\t<\/div>\n\t\t<\/section>\n\t\t\t\t<\/div>\n\t\t","protected":false},"excerpt":{"rendered":"<p>W tym sezonie dzi\u0119ki wsp\u00f3\u0142pracy z Fitness Club PULS obowi\u0105zuj\u0105 ceny jak na stronie http:\/\/pulsfitness.pl\/cennik zapraszam Izabela Ciechalska<\/p>\n","protected":false},"author":1,"featured_media":0,"parent":0,"menu_order":0,"comment_status":"closed","ping_status":"closed","template":"","meta":{"footnotes":""},"class_list":["post-21","page","type-page","status-publish","hentry"],"yoast_head":"<!-- This site is optimized with the Yoast SEO plugin v27.5 - https:\/\/yoast.com\/product\/yoast-seo-wordpress\/ -->\n<title>Cennik -<\/title>\n<meta name=\"robots\" content=\"index, follow, max-snippet:-1, max-image-preview:large, max-video-preview:-1\" \/>\n<link rel=\"canonical\" href=\"https:\/\/www.kswigor.com\/index.php\/cennik\/\" \/>\n<meta property=\"og:locale\" content=\"pl_PL\" \/>\n<meta property=\"og:type\" content=\"article\" \/>\n<meta property=\"og:title\" content=\"Cennik -\" \/>\n<meta property=\"og:description\" content=\"W tym sezonie dzi\u0119ki wsp\u00f3\u0142pracy z Fitness Club PULS obowi\u0105zuj\u0105 ceny jak na stronie http:\/\/pulsfitness.pl\/cennik zapraszam Izabela Ciechalska\" \/>\n<meta property=\"og:url\" content=\"https:\/\/www.kswigor.com\/index.php\/cennik\/\" \/>\n<meta property=\"article:modified_time\" content=\"2021-09-07T09:40:14+00:00\" \/>\n<meta name=\"twitter:card\" content=\"summary_large_image\" \/>\n<meta name=\"twitter:label1\" content=\"Est. reading time\" \/>\n\t<meta name=\"twitter:data1\" content=\"1 minuta\" \/>\n<script type=\"application\/ld+json\" class=\"yoast-schema-graph\">{\"@context\":\"https:\\\/\\\/schema.org\",\"@graph\":[{\"@type\":\"WebPage\",\"@id\":\"https:\\\/\\\/www.kswigor.com\\\/index.php\\\/cennik\\\/\",\"url\":\"https:\\\/\\\/www.kswigor.com\\\/index.php\\\/cennik\\\/\",\"name\":\"Cennik -\",\"isPartOf\":{\"@id\":\"https:\\\/\\\/www.kswigor.com\\\/#website\"},\"datePublished\":\"2021-01-07T15:57:30+00:00\",\"dateModified\":\"2021-09-07T09:40:14+00:00\",\"breadcrumb\":{\"@id\":\"https:\\\/\\\/www.kswigor.com\\\/index.php\\\/cennik\\\/#breadcrumb\"},\"inLanguage\":\"pl-PL\",\"potentialAction\":[{\"@type\":\"ReadAction\",\"target\":[\"https:\\\/\\\/www.kswigor.com\\\/index.php\\\/cennik\\\/\"]}]},{\"@type\":\"BreadcrumbList\",\"@id\":\"https:\\\/\\\/www.kswigor.com\\\/index.php\\\/cennik\\\/#breadcrumb\",\"itemListElement\":[{\"@type\":\"ListItem\",\"position\":1,\"name\":\"Strona g\u0142\u00f3wna\",\"item\":\"https:\\\/\\\/www.kswigor.com\\\/\"},{\"@type\":\"ListItem\",\"position\":2,\"name\":\"Cennik\"}]},{\"@type\":\"WebSite\",\"@id\":\"https:\\\/\\\/www.kswigor.com\\\/#website\",\"url\":\"https:\\\/\\\/www.kswigor.com\\\/\",\"name\":\"\",\"description\":\"\",\"potentialAction\":[{\"@type\":\"SearchAction\",\"target\":{\"@type\":\"EntryPoint\",\"urlTemplate\":\"https:\\\/\\\/www.kswigor.com\\\/?s={search_term_string}\"},\"query-input\":{\"@type\":\"PropertyValueSpecification\",\"valueRequired\":true,\"valueName\":\"search_term_string\"}}],\"inLanguage\":\"pl-PL\"}]}<\/script>\n<!-- \/ Yoast SEO plugin. -->","yoast_head_json":{"title":"Cennik -","robots":{"index":"index","follow":"follow","max-snippet":"max-snippet:-1","max-image-preview":"max-image-preview:large","max-video-preview":"max-video-preview:-1"},"canonical":"https:\/\/www.kswigor.com\/index.php\/cennik\/","og_locale":"pl_PL","og_type":"article","og_title":"Cennik -","og_description":"W tym sezonie dzi\u0119ki wsp\u00f3\u0142pracy z Fitness Club PULS obowi\u0105zuj\u0105 ceny jak na stronie http:\/\/pulsfitness.pl\/cennik zapraszam Izabela Ciechalska","og_url":"https:\/\/www.kswigor.com\/index.php\/cennik\/","article_modified_time":"2021-09-07T09:40:14+00:00","twitter_card":"summary_large_image","twitter_misc":{"Est. reading time":"1 minuta"},"schema":{"@context":"https:\/\/schema.org","@graph":[{"@type":"WebPage","@id":"https:\/\/www.kswigor.com\/index.php\/cennik\/","url":"https:\/\/www.kswigor.com\/index.php\/cennik\/","name":"Cennik -","isPartOf":{"@id":"https:\/\/www.kswigor.com\/#website"},"datePublished":"2021-01-07T15:57:30+00:00","dateModified":"2021-09-07T09:40:14+00:00","breadcrumb":{"@id":"https:\/\/www.kswigor.com\/index.php\/cennik\/#breadcrumb"},"inLanguage":"pl-PL","potentialAction":[{"@type":"ReadAction","target":["https:\/\/www.kswigor.com\/index.php\/cennik\/"]}]},{"@type":"BreadcrumbList","@id":"https:\/\/www.kswigor.com\/index.php\/cennik\/#breadcrumb","itemListElement":[{"@type":"ListItem","position":1,"name":"Strona g\u0142\u00f3wna","item":"https:\/\/www.kswigor.com\/"},{"@type":"ListItem","position":2,"name":"Cennik"}]},{"@type":"WebSite","@id":"https:\/\/www.kswigor.com\/#website","url":"https:\/\/www.kswigor.com\/","name":"","description":"","potentialAction":[{"@type":"SearchAction","target":{"@type":"EntryPoint","urlTemplate":"https:\/\/www.kswigor.com\/?s={search_term_string}"},"query-input":{"@type":"PropertyValueSpecification","valueRequired":true,"valueName":"search_term_string"}}],"inLanguage":"pl-PL"}]}},"_links":{"self":[{"href":"https:\/\/www.kswigor.com\/index.php\/wp-json\/wp\/v2\/pages\/21","targetHints":{"allow":["GET"]}}],"collection":[{"href":"https:\/\/www.kswigor.com\/index.php\/wp-json\/wp\/v2\/pages"}],"about":[{"href":"https:\/\/www.kswigor.com\/index.php\/wp-json\/wp\/v2\/types\/page"}],"author":[{"embeddable":true,"href":"https:\/\/www.kswigor.com\/index.php\/wp-json\/wp\/v2\/users\/1"}],"replies":[{"embeddable":true,"href":"https:\/\/www.kswigor.com\/index.php\/wp-json\/wp\/v2\/comments?post=21"}],"version-history":[{"count":7,"href":"https:\/\/www.kswigor.com\/index.php\/wp-json\/wp\/v2\/pages\/21\/revisions"}],"predecessor-version":[{"id":448,"href":"https:\/\/www.kswigor.com\/index.php\/wp-json\/wp\/v2\/pages\/21\/revisions\/448"}],"wp:attachment":[{"href":"https:\/\/www.kswigor.com\/index.php\/wp-json\/wp\/v2\/media?parent=21"}],"curies":[{"name":"wp","href":"https:\/\/api.w.org\/{rel}","templated":true}]}}